{"id":8,"date":"2016-09-12T16:23:10","date_gmt":"2016-09-12T16:23:10","guid":{"rendered":"http:\/\/www.jeg-enautist.dk\/blog\/?page_id=8"},"modified":"2019-06-20T11:20:12","modified_gmt":"2019-06-20T09:20:12","slug":"om-mig","status":"publish","type":"page","link":"https:\/\/www.jeg-enautist.dk\/blog\/index.php\/om-mig\/","title":{"rendered":"Om mig"},"content":{"rendered":"<p><a href=\"http:\/\/www.jeg-enautist.dk\/blog\/wp-content\/uploads\/2016\/09\/P7281326-001.jpg\"><img loading=\"lazy\" decoding=\"async\" class=\" alignleft wp-image-19 \" src=\"http:\/\/www.jeg-enautist.dk\/blog\/wp-content\/uploads\/2016\/09\/P7281326-001-150x150.jpg\" alt=\"Mig\" width=\"190\" height=\"190\" srcset=\"https:\/\/www.jeg-enautist.dk\/blog\/wp-content\/uploads\/2016\/09\/P7281326-001-150x150.jpg 150w, https:\/\/www.jeg-enautist.dk\/blog\/wp-content\/uploads\/2016\/09\/P7281326-001-300x300.jpg 300w, https:\/\/www.jeg-enautist.dk\/blog\/wp-content\/uploads\/2016\/09\/P7281326-001-619x620.jpg 619w, https:\/\/www.jeg-enautist.dk\/blog\/wp-content\/uploads\/2016\/09\/P7281326-001.jpg 639w\" sizes=\"auto, (max-width: 190px) 100vw, 190px\" \/><\/a>Jeg hedder Trine, er f\u00f8dt i 1978 og i forbindelse med min \u00e6ldste datters autismeudredning foreslog PPR psykologen, at jeg ogs\u00e5 selv lige smuttede en tur omkring Risskov og blev udredt. Det gjorde jeg s\u00e5 og inden Ellen var f\u00e6rdigudredt havde jeg f\u00e5et diagnosen Aspergers syndrom og obs. ADHD. Det var i januar &#8217;14.<\/p>\n<p>Jeg skulle alts\u00e5 blive 35 \u00e5r gammel inden jeg fandt ud af hvorfor det er jeg ikke er som alle andre.<\/p>\n<p>I september &#8217;14 kunne jeg s\u00e5 ogs\u00e5 tilf\u00f8je ADHD til visitkortet.<\/p>\n<p>Det forklarede en masse ting! F.eks. fem uafsluttede uddannelser og mine store problemer med venskaber og hvorfor jeg altid er n\u00e6sten syg af bekymring lang tid f\u00f8r jeg skal v\u00e6re sammen med mennesker og totalt udmattet lang tid bagefter.<\/p>\n<p>Begge mine piger (Karen fra &#8217;11 og Ellen fra &#8217;08) er ogs\u00e5 autister &#8211; de har begge den diagnose, der hedder gennemgribende udviklingsforstyrrelse, anden, ofte forkortet GUA.<\/p>\n<p>Jeg bor sammen med pigerne&nbsp;og&nbsp;min mand\/deres far, K\u00e5re, der s\u00e5 vidt vides ikke har autisme. Vi har ogs\u00e5&nbsp;en&nbsp;kat (internatskat), Anyanka og en hund (beagle), Kaylee.<\/p>\n","protected":false},"excerpt":{"rendered":"<p>Jeg hedder Trine, er f\u00f8dt i 1978 og i forbindelse med min \u00e6ldste datters autismeudredning foreslog PPR psykologen, at jeg ogs\u00e5 selv lige smuttede en tur omkring Risskov og blev udredt. Det gjorde jeg s\u00e5 og inden Ellen var f\u00e6rdigudredt havde jeg f\u00e5et diagnosen Aspergers syndrom og obs. ADHD. Det var i januar &#8217;14. Jeg [&hellip;]<\/p>\n","protected":false},"author":1,"featured_media":0,"parent":0,"menu_order":0,"comment_status":"closed","ping_status":"open","template":"","meta":{"footnotes":""},"class_list":["post-8","page","type-page","status-publish","hentry"],"_links":{"self":[{"href":"https:\/\/www.jeg-enautist.dk\/blog\/index.php\/wp-json\/wp\/v2\/pages\/8","targetHints":{"allow":["GET"]}}],"collection":[{"href":"https:\/\/www.jeg-enautist.dk\/blog\/index.php\/wp-json\/wp\/v2\/pages"}],"about":[{"href":"https:\/\/www.jeg-enautist.dk\/blog\/index.php\/wp-json\/wp\/v2\/types\/page"}],"author":[{"embeddable":true,"href":"https:\/\/www.jeg-enautist.dk\/blog\/index.php\/wp-json\/wp\/v2\/users\/1"}],"replies":[{"embeddable":true,"href":"https:\/\/www.jeg-enautist.dk\/blog\/index.php\/wp-json\/wp\/v2\/comments?post=8"}],"version-history":[{"count":8,"href":"https:\/\/www.jeg-enautist.dk\/blog\/index.php\/wp-json\/wp\/v2\/pages\/8\/revisions"}],"predecessor-version":[{"id":261,"href":"https:\/\/www.jeg-enautist.dk\/blog\/index.php\/wp-json\/wp\/v2\/pages\/8\/revisions\/261"}],"wp:attachment":[{"href":"https:\/\/www.jeg-enautist.dk\/blog\/index.php\/wp-json\/wp\/v2\/media?parent=8"}],"curies":[{"name":"wp","href":"https:\/\/api.w.org\/{rel}","templated":true}]}}